{"id":14,"date":"2025-08-02T12:15:29","date_gmt":"2025-08-02T12:15:29","guid":{"rendered":"http:\/\/ladecodevi.fr\/?page_id=14"},"modified":"2025-08-24T19:11:31","modified_gmt":"2025-08-24T19:11:31","slug":"accueil","status":"publish","type":"page","link":"https:\/\/ladecodevi.fr\/","title":{"rendered":"Accueil"},"content":{"rendered":"\n<div class=\"wp-block-cover alignfull has-custom-content-position is-position-bottom-center has-text-color\" style=\"color:#e4e2d7;margin-top:0;margin-bottom:0;padding-top:220px;padding-bottom:120px;min-height:959px;aspect-ratio:unset;\"><img loading=\"lazy\" decoding=\"async\" width=\"768\" height=\"1024\" class=\"wp-block-cover__image-background wp-image-30 size-large\" alt=\"\" src=\"http:\/\/ladecodevi.fr\/wp-content\/uploads\/2025\/08\/Photos-accueil-768x1024.jpg\" style=\"object-position:49% 40%\" data-object-fit=\"cover\" data-object-position=\"49% 40%\" srcset=\"https:\/\/ladecodevi.fr\/wp-content\/uploads\/2025\/08\/Photos-accueil-768x1024.jpg 768w, https:\/\/ladecodevi.fr\/wp-content\/uploads\/2025\/08\/Photos-accueil-225x300.jpg 225w, https:\/\/ladecodevi.fr\/wp-content\/uploads\/2025\/08\/Photos-accueil-1152x1536.jpg 1152w, https:\/\/ladecodevi.fr\/wp-content\/uploads\/2025\/08\/Photos-accueil-1536x2048.jpg 1536w, https:\/\/ladecodevi.fr\/wp-content\/uploads\/2025\/08\/Photos-accueil-scaled.jpg 1920w\" sizes=\"auto, (max-width: 768px) 100vw, 768px\" \/><span aria-hidden=\"true\" class=\"wp-block-cover__background has-background-dim-70 has-background-dim\" style=\"background-color:#342f29\"><\/span><div class=\"wp-block-cover__inner-container has-global-padding is-layout-constrained wp-container-core-cover-is-layout-bf4d0620 wp-block-cover-is-layout-constrained\">\n<div class=\"wp-block-group has-global-padding is-content-justification-left is-layout-constrained wp-container-core-group-is-layout-20f472fc wp-block-group-is-layout-constrained\">\n<h1 class=\"wp-block-heading has-text-align-left has-text-color\" style=\"color:#e4e2d7;font-size:clamp(36.518px, 2.282rem + ((1vw - 3.2px) * 3.464), 67px);font-style:normal;font-weight:400;line-height:1\">Redonnez vie \u00e0 vos tr\u00e9sors vintage gr\u00e2ce \u00e0 notre touche unique!<\/h1>\n\n\n\n<p class=\"has-text-color has-link-color has-ibm-plex-sans-font-family wp-elements-094fa4670f0d2a30c61efb15e917de8d\" style=\"color:#e4e2d7;font-size:clamp(14px, 0.875rem + ((1vw - 3.2px) * 0.682), 20px);\">Chez la d\u00e9co de vi, nous donnons une seconde vie \u00e0 des meubles et des tr\u00e9sors oubli\u00e9s. D\u00e9couvrez le charme de la d\u00e9coration vintage, s\u00e9lectionn\u00e9e avec soin et restaur\u00e9e avec amour !<\/p>\n\n\n\n<div class=\"wp-block-buttons is-layout-flex wp-block-buttons-is-layout-flex\">\n<div class=\"wp-block-button\"><a class=\"wp-block-button__link has-text-color has-background has-border-color has-custom-font-size wp-element-button\" href=\"https:\/\/ladecodevi.fr\/index.php\/services\/\" style=\"border-color:#fffef7;border-width:1px;border-radius:0px;color:#fffef7;background-color:#332e29;padding-top:15px;padding-right:50px;padding-bottom:15px;padding-left:50px;font-size:clamp(14px, 0.875rem + ((1vw - 3.2px) * 0.455), 18px);text-transform:uppercase\">D<strong>\u00e9couvrir<\/strong><\/a><\/div>\n<\/div>\n<\/div>\n<\/div><\/div>\n\n\n\n<div class=\"wp-block-group alignfull has-text-color has-background has-global-padding is-layout-constrained wp-container-core-group-is-layout-e27e13cc wp-block-group-is-layout-constrained\" style=\"color:#646257;background-color:#e4e2d7;margin-top:0;margin-bottom:0;padding-top:80px;padding-right:0;padding-bottom:80px;padding-left:0\">\n<h2 class=\"wp-block-heading has-text-align-center has-text-color\" style=\"color:#646257;font-size:clamp(31.152px, 1.947rem + ((1vw - 3.2px) * 2.71), 55px);font-style:normal;font-weight:500\">Pourquoi nous choisir ?<\/h2>\n\n\n\n<div style=\"height:30px\" aria-hidden=\"true\" class=\"wp-block-spacer\"><\/div>\n\n\n\n<p class=\"has-text-align-center has-text-color has-ibm-plex-sans-font-family\" style=\"color:#646257;font-size:clamp(14px, 0.875rem + ((1vw - 3.2px) * 0.455), 18px);font-style:normal;font-weight:400\">D\u00e9couvrez pourquoi la d\u00e9co de vi se d\u00e9marque ! Nous allions passion, savoir-faire artisanal et amour du vintage, afin que chaque pi\u00e8ce raconte une histoire et apporte un suppl\u00e9ment d&rsquo;\u00e2me  \u00e0 votre int\u00e9rieur.<\/p>\n\n\n\n<div style=\"height:90px\" aria-hidden=\"true\" class=\"wp-block-spacer\"><\/div>\n\n\n\n<h4 class=\"wp-block-heading has-text-align-center has-text-color\" style=\"color:#646257;font-size:clamp(20px, 1.25rem + ((1vw - 3.2px) * 1.364), 32px);font-style:normal;font-weight:400\">Savoir-faire artisanal unique<\/h4>\n\n\n\n<div class=\"wp-block-columns has-text-color is-layout-flex wp-container-core-columns-is-layout-5b0144cc wp-block-columns-is-layout-flex\" style=\"color:#646257;padding-top:50px;padding-bottom:50px\">\n<div class=\"wp-block-column is-layout-flow wp-block-column-is-layout-flow\">\n<div class=\"wp-block-columns has-border-color has-contrast-border-color is-layout-flex wp-container-core-columns-is-layout-1d0a1302 wp-block-columns-is-layout-flex\" style=\"border-width:1px;border-radius:0px;padding-top:70px;padding-right:30px;padding-bottom:70px;padding-left:30px\">\n<div class=\"wp-block-column is-layout-flow wp-block-column-is-layout-flow\" style=\"flex-basis:33.33%\">\n<figure class=\"wp-block-image aligncenter size-full is-resized wp-duotone-646257-e4e2d7-1\"><img decoding=\"async\" src=\"https:\/\/tyler.com\/wp-content\/uploads\/2023\/11\/Habitat-Home-2nd-sec-image.png\" alt=\"\" class=\"wp-image-1529\" style=\"aspect-ratio:1;object-fit:cover;width:90px\"\/><\/figure>\n<\/div>\n\n\n\n<div class=\"wp-block-column is-vertically-aligned-center is-layout-flow wp-container-core-column-is-layout-8a368f38 wp-block-column-is-layout-flow\" style=\"flex-basis:66.66%\">\n<h6 class=\"wp-block-heading has-text-align-center has-text-color\" style=\"color:#646257;font-size:clamp(14px, 0.875rem + ((1vw - 3.2px) * 0.455), 18px);font-style:normal;font-weight:400\">Restaurations  r\u00e9alis\u00e9es avec passion<\/h6>\n<\/div>\n<\/div>\n<\/div>\n\n\n\n<div class=\"wp-block-column is-layout-flow wp-block-column-is-layout-flow\">\n<div class=\"wp-block-columns has-border-color has-contrast-border-color is-layout-flex wp-container-core-columns-is-layout-1d0a1302 wp-block-columns-is-layout-flex\" style=\"border-width:1px;border-radius:0px;padding-top:70px;padding-right:30px;padding-bottom:70px;padding-left:30px\">\n<div class=\"wp-block-column is-layout-flow wp-block-column-is-layout-flow\" style=\"flex-basis:33.33%\">\n<figure class=\"wp-block-image aligncenter size-full is-resized wp-duotone-646257-e4e2d7-2\"><img decoding=\"async\" src=\"https:\/\/tyler.com\/wp-content\/uploads\/2023\/11\/Habitat-Home-2nd-sec-image.png\" alt=\"\" class=\"wp-image-1529\" style=\"aspect-ratio:1;object-fit:cover;width:90px\"\/><\/figure>\n<\/div>\n\n\n\n<div class=\"wp-block-column is-vertically-aligned-center is-layout-flow wp-container-core-column-is-layout-8a368f38 wp-block-column-is-layout-flow\" style=\"flex-basis:66.66%\">\n<h6 class=\"wp-block-heading has-text-align-center has-text-color\" style=\"color:#646257\">Une s\u00e9lection de trouvailles vintage rien que pour vous<\/h6>\n<\/div>\n<\/div>\n<\/div>\n\n\n\n<div class=\"wp-block-column is-layout-flow wp-block-column-is-layout-flow\">\n<div class=\"wp-block-columns has-border-color has-contrast-border-color has-text-color is-layout-flex wp-container-core-columns-is-layout-1d0a1302 wp-block-columns-is-layout-flex\" style=\"border-width:1px;border-radius:0px;color:#646257;padding-top:70px;padding-right:30px;padding-bottom:70px;padding-left:30px\">\n<div class=\"wp-block-column is-layout-flow wp-block-column-is-layout-flow\" style=\"flex-basis:33.33%\">\n<figure class=\"wp-block-image aligncenter size-full is-resized wp-duotone-646257-e4e2d7-3\"><img decoding=\"async\" src=\"https:\/\/tyler.com\/wp-content\/uploads\/2023\/11\/Habitat-Home-2nd-sec-image.png\" alt=\"\" class=\"wp-image-1529\" style=\"aspect-ratio:1;object-fit:cover;width:90px\"\/><\/figure>\n<\/div>\n\n\n\n<div class=\"wp-block-column is-vertically-aligned-center is-layout-flow wp-container-core-column-is-layout-8a368f38 wp-block-column-is-layout-flow\" style=\"flex-basis:66.66%\">\n<h6 class=\"wp-block-heading has-text-align-center has-text-color\" style=\"color:#646257\">Style durable, plan\u00e8te heureuse<\/h6>\n<\/div>\n<\/div>\n<\/div>\n<\/div>\n<\/div>\n\n\n\n<div class=\"wp-block-group alignfull has-background has-global-padding is-layout-constrained wp-container-core-group-is-layout-5ff8a92b wp-block-group-is-layout-constrained\" style=\"background-color:#fffef7;margin-top:0;margin-bottom:0;padding-top:100px;padding-bottom:100px\">\n<h2 class=\"wp-block-heading has-text-align-center has-text-color\" style=\"color:#646257;font-size:clamp(31.152px, 1.947rem + ((1vw - 3.2px) * 2.71), 55px);font-style:normal;font-weight:500\">Nos Services<\/h2>\n\n\n\n<div class=\"wp-block-columns is-layout-flex wp-container-core-columns-is-layout-69483a15 wp-block-columns-is-layout-flex\" style=\"margin-top:0;margin-bottom:0;padding-top:50px\">\n<div class=\"wp-block-column is-layout-flow wp-container-core-column-is-layout-8a368f38 wp-block-column-is-layout-flow\">\n<figure class=\"wp-block-image size-full\"><img loading=\"lazy\" decoding=\"async\" width=\"1500\" height=\"2000\" src=\"http:\/\/ladecodevi.fr\/wp-content\/uploads\/2025\/08\/nvbureau.jpg\" alt=\"\" class=\"wp-image-84\" style=\"aspect-ratio:3\/4;object-fit:cover\" srcset=\"https:\/\/ladecodevi.fr\/wp-content\/uploads\/2025\/08\/nvbureau.jpg 1500w, https:\/\/ladecodevi.fr\/wp-content\/uploads\/2025\/08\/nvbureau-225x300.jpg 225w, https:\/\/ladecodevi.fr\/wp-content\/uploads\/2025\/08\/nvbureau-768x1024.jpg 768w, https:\/\/ladecodevi.fr\/wp-content\/uploads\/2025\/08\/nvbureau-1152x1536.jpg 1152w\" sizes=\"auto, (max-width: 1500px) 100vw, 1500px\" \/><\/figure>\n\n\n\n<div style=\"height:20px\" aria-hidden=\"true\" class=\"wp-block-spacer\"><\/div>\n\n\n\n<p class=\"has-text-align-center has-text-color has-ibm-plex-sans-font-family\" id=\"GQFtinjTMyEXTWTi\" style=\"color:#646257;font-size:14px\">Transformer les meubles, sublimer les espaces<\/p>\n\n\n\n<div style=\"height:10px\" aria-hidden=\"true\" class=\"wp-block-spacer\"><\/div>\n\n\n\n<h5 class=\"wp-block-heading has-text-align-center has-text-color\" style=\"color:#646257;font-size:clamp(14px, 0.875rem + ((1vw - 3.2px) * 0.682), 20px);font-style:normal;font-weight:400;text-transform:none\">Services de restauration de meubles sur mesure<\/h5>\n\n\n\n<div style=\"height:5px\" aria-hidden=\"true\" class=\"wp-block-spacer\"><\/div>\n\n\n\n<p class=\"has-text-align-center has-text-color\" style=\"color:#afac9b;font-size:clamp(14px, 0.875rem + ((1vw - 3.2px) * 0.568), 19px);\">Depuis 100\u20ac<\/p>\n<\/div>\n\n\n\n<div class=\"wp-block-column is-layout-flow wp-container-core-column-is-layout-8a368f38 wp-block-column-is-layout-flow\">\n<figure class=\"wp-block-image size-full\"><img loading=\"lazy\" decoding=\"async\" width=\"1500\" height=\"2000\" src=\"http:\/\/ladecodevi.fr\/wp-content\/uploads\/2025\/08\/Deco-Vintage.jpg\" alt=\"\" class=\"wp-image-36\" style=\"aspect-ratio:3\/4;object-fit:cover\" srcset=\"https:\/\/ladecodevi.fr\/wp-content\/uploads\/2025\/08\/Deco-Vintage.jpg 1500w, https:\/\/ladecodevi.fr\/wp-content\/uploads\/2025\/08\/Deco-Vintage-225x300.jpg 225w, https:\/\/ladecodevi.fr\/wp-content\/uploads\/2025\/08\/Deco-Vintage-768x1024.jpg 768w, https:\/\/ladecodevi.fr\/wp-content\/uploads\/2025\/08\/Deco-Vintage-1152x1536.jpg 1152w\" sizes=\"auto, (max-width: 1500px) 100vw, 1500px\" \/><\/figure>\n\n\n\n<div style=\"height:20px\" aria-hidden=\"true\" class=\"wp-block-spacer\"><\/div>\n\n\n\n<p class=\"has-text-align-center has-text-color has-ibm-plex-sans-font-family\" id=\"GQFtinjTMyEXTWTi\" style=\"color:#646257;font-size:14px\">Des trouvailles uniques pour tous les styles<\/p>\n\n\n\n<div style=\"height:10px\" aria-hidden=\"true\" class=\"wp-block-spacer\"><\/div>\n\n\n\n<h5 class=\"wp-block-heading has-text-align-center has-text-color\" style=\"color:#646257;font-size:clamp(14px, 0.875rem + ((1vw - 3.2px) * 0.682), 20px);font-style:normal;font-weight:400;text-transform:none\">Collections de d\u00e9coration vintage s\u00e9lectionn\u00e9es avec soin<\/h5>\n\n\n\n<div style=\"height:5px\" aria-hidden=\"true\" class=\"wp-block-spacer\"><\/div>\n\n\n\n<p class=\"has-text-align-center has-text-color\" style=\"color:#afac9b;font-size:clamp(14px, 0.875rem + ((1vw - 3.2px) * 0.568), 19px);\">S&rsquo;adapte \u00e0 tous les budgets<\/p>\n<\/div>\n\n\n\n<div class=\"wp-block-column is-layout-flow wp-container-core-column-is-layout-8a368f38 wp-block-column-is-layout-flow\">\n<figure class=\"wp-block-image size-full\"><img loading=\"lazy\" decoding=\"async\" width=\"1025\" height=\"1336\" src=\"http:\/\/ladecodevi.fr\/wp-content\/uploads\/2025\/08\/Renov-2.jpg\" alt=\"\" class=\"wp-image-39\" style=\"aspect-ratio:3\/4;object-fit:cover\" srcset=\"https:\/\/ladecodevi.fr\/wp-content\/uploads\/2025\/08\/Renov-2.jpg 1025w, https:\/\/ladecodevi.fr\/wp-content\/uploads\/2025\/08\/Renov-2-230x300.jpg 230w, https:\/\/ladecodevi.fr\/wp-content\/uploads\/2025\/08\/Renov-2-786x1024.jpg 786w, https:\/\/ladecodevi.fr\/wp-content\/uploads\/2025\/08\/Renov-2-768x1001.jpg 768w\" sizes=\"auto, (max-width: 1025px) 100vw, 1025px\" \/><\/figure>\n\n\n\n<div style=\"height:20px\" aria-hidden=\"true\" class=\"wp-block-spacer\"><\/div>\n\n\n\n<p class=\"has-text-align-center has-text-color has-ibm-plex-sans-font-family\" id=\"GQFtinjTMyEXTWTi\" style=\"color:#646257;font-size:14px\">Des choix \u00e9coresponsables pour vous<\/p>\n\n\n\n<div style=\"height:10px\" aria-hidden=\"true\" class=\"wp-block-spacer\"><\/div>\n\n\n\n<h5 class=\"wp-block-heading has-text-align-center has-text-color\" style=\"color:#646257;font-size:clamp(14px, 0.875rem + ((1vw - 3.2px) * 0.682), 20px);font-style:normal;font-weight:400;text-transform:none\">Solutions durables pour la d\u00e9coration int\u00e9rieure<\/h5>\n\n\n\n<div style=\"height:5px\" aria-hidden=\"true\" class=\"wp-block-spacer\"><\/div>\n\n\n\n<p class=\"has-text-color\" style=\"color:#afac9b;font-size:clamp(14px, 0.875rem + ((1vw - 3.2px) * 0.568), 19px);\"><\/p>\n<\/div>\n<\/div>\n<\/div>\n\n\n\n<div class=\"wp-block-group alignfull has-background has-global-padding is-layout-constrained wp-container-core-group-is-layout-87a9abd5 wp-block-group-is-layout-constrained\" style=\"background-color:#e4e2d7;margin-top:0;margin-bottom:0;padding-top:120px;padding-right:0;padding-bottom:120px;padding-left:0\">\n<div class=\"wp-block-group has-global-padding is-layout-constrained wp-container-core-group-is-layout-a099c240 wp-block-group-is-layout-constrained\">\n<h2 class=\"wp-block-heading has-text-align-center has-text-color\" style=\"color:#646257;font-size:clamp(31.152px, 1.947rem + ((1vw - 3.2px) * 2.71), 55px);font-style:normal;font-weight:500\">4 Raisons de nous choisir<\/h2>\n<\/div>\n\n\n\n<div style=\"height:50px\" aria-hidden=\"true\" class=\"wp-block-spacer\"><\/div>\n\n\n\n<div class=\"wp-block-columns is-layout-flex wp-container-core-columns-is-layout-a5629b97 wp-block-columns-is-layout-flex\" style=\"margin-top:0;margin-bottom:0;padding-top:50px;padding-bottom:0px\">\n<div class=\"wp-block-column has-border-color is-layout-flow wp-container-core-column-is-layout-7882d8c3 wp-block-column-is-layout-flow\" style=\"border-color:#646257;border-width:1px;padding-top:70px;padding-bottom:70px\">\n<h4 class=\"wp-block-heading has-text-align-center has-text-color\" style=\"color:#646257;font-size:clamp(20px, 1.25rem + ((1vw - 3.2px) * 1.364), 32px);font-style:normal;font-weight:400\">1<\/h4>\n\n\n\n<h6 class=\"wp-block-heading has-text-align-center has-text-color\" style=\"color:#646257;font-size:clamp(14.082px, 0.88rem + ((1vw - 3.2px) * 0.786), 21px);font-style:normal;font-weight:400;text-transform:none\">Service personnalis\u00e9 \u00e0 votre \u00e9coute<\/h6>\n<\/div>\n\n\n\n<div class=\"wp-block-column has-border-color is-layout-flow wp-container-core-column-is-layout-7882d8c3 wp-block-column-is-layout-flow\" style=\"border-color:#646257;border-width:1px;padding-top:70px;padding-bottom:70px\">\n<h4 class=\"wp-block-heading has-text-align-center has-text-color\" style=\"color:#646257;font-size:clamp(20px, 1.25rem + ((1vw - 3.2px) * 1.364), 32px);font-style:normal;font-weight:400\">2<\/h4>\n\n\n\n<h6 class=\"wp-block-heading has-text-align-center has-text-color\" style=\"color:#646257;font-size:clamp(14.082px, 0.88rem + ((1vw - 3.2px) * 0.786), 21px);font-style:normal;font-weight:400;text-transform:none\">Un go\u00fbt inn\u00e9 pour la d\u00e9coration int\u00e9rieure<\/h6>\n<\/div>\n\n\n\n<div class=\"wp-block-column has-border-color is-layout-flow wp-container-core-column-is-layout-7882d8c3 wp-block-column-is-layout-flow\" style=\"border-color:#646257;border-width:1px;padding-top:70px;padding-bottom:70px\">\n<h4 class=\"wp-block-heading has-text-align-center has-text-color\" style=\"color:#646257;font-size:clamp(20px, 1.25rem + ((1vw - 3.2px) * 1.364), 32px);font-style:normal;font-weight:400\">3<\/h4>\n\n\n\n<h6 class=\"wp-block-heading has-text-align-center has-text-color\" style=\"color:#646257;font-size:clamp(14.082px, 0.88rem + ((1vw - 3.2px) * 0.786), 21px);font-style:normal;font-weight:400;text-transform:none\">Votre satisfaction est notre priorit\u00e9<\/h6>\n<\/div>\n\n\n\n<div class=\"wp-block-column has-border-color is-layout-flow wp-container-core-column-is-layout-7882d8c3 wp-block-column-is-layout-flow\" style=\"border-color:#646257;border-width:1px;padding-top:70px;padding-bottom:70px\">\n<h4 class=\"wp-block-heading has-text-align-center has-text-color\" style=\"color:#646257;font-size:clamp(20px, 1.25rem + ((1vw - 3.2px) * 1.364), 32px);font-style:normal;font-weight:400\">4<\/h4>\n\n\n\n<h6 class=\"wp-block-heading has-text-align-center has-text-color\" style=\"color:#646257;font-size:clamp(14.082px, 0.88rem + ((1vw - 3.2px) * 0.786), 21px);font-style:normal;font-weight:400;text-transform:none\">Nous mettons notre sensibilit\u00e9 au service des meubles<\/h6>\n<\/div>\n<\/div>\n<\/div>\n\n\n\n<div class=\"wp-block-group alignfull has-background has-global-padding is-layout-constrained wp-container-core-group-is-layout-87a9abd5 wp-block-group-is-layout-constrained\" style=\"background-color:#fffef7;margin-top:0;margin-bottom:0;padding-top:120px;padding-right:0;padding-bottom:120px;padding-left:0\">\n<h3 class=\"wp-block-heading has-text-align-center has-text-color\" style=\"color:#646257;font-size:clamp(31.152px, 1.947rem + ((1vw - 3.2px) * 2.71), 55px);font-style:normal;font-weight:500\">Client Love<\/h3>\n\n\n\n<div style=\"height:50px\" aria-hidden=\"true\" class=\"wp-block-spacer\"><\/div>\n\n\n\n<div class=\"wp-block-columns is-layout-flex wp-container-core-columns-is-layout-815bf4b8 wp-block-columns-is-layout-flex\" style=\"margin-top:0;margin-bottom:0\">\n<div class=\"wp-block-column has-border-color is-layout-flow wp-container-core-column-is-layout-ab7fc251 wp-block-column-is-layout-flow\" style=\"border-color:#646257;border-width:1px;padding-top:50px;padding-right:35px;padding-bottom:50px;padding-left:35px\">\n<h5 class=\"wp-block-heading has-text-align-left has-text-color\" style=\"color:#646257;font-size:clamp(14px, 0.875rem + ((1vw - 3.2px) * 0.568), 19px);font-style:normal;font-weight:400;text-transform:uppercase\"><\/h5>\n\n\n\n<figure class=\"wp-block-image size-large is-resized\"><img loading=\"lazy\" decoding=\"async\" width=\"1024\" height=\"424\" src=\"http:\/\/ladecodevi.fr\/wp-content\/uploads\/2025\/08\/Screenshot_20250824_185912_Facebook-1024x424.jpg\" alt=\"\" class=\"wp-image-89\" style=\"width:314px;height:auto\" srcset=\"https:\/\/ladecodevi.fr\/wp-content\/uploads\/2025\/08\/Screenshot_20250824_185912_Facebook-1024x424.jpg 1024w, https:\/\/ladecodevi.fr\/wp-content\/uploads\/2025\/08\/Screenshot_20250824_185912_Facebook-300x124.jpg 300w, https:\/\/ladecodevi.fr\/wp-content\/uploads\/2025\/08\/Screenshot_20250824_185912_Facebook-768x318.jpg 768w, https:\/\/ladecodevi.fr\/wp-content\/uploads\/2025\/08\/Screenshot_20250824_185912_Facebook.jpg 1046w\" sizes=\"auto, (max-width: 1024px) 100vw, 1024px\" \/><\/figure>\n<\/div>\n\n\n\n<div class=\"wp-block-column has-border-color is-layout-flow wp-container-core-column-is-layout-ab7fc251 wp-block-column-is-layout-flow\" style=\"border-color:#646257;border-width:1px;padding-top:50px;padding-right:35px;padding-bottom:50px;padding-left:35px\">\n<p class=\"has-text-color has-ibm-plex-sans-font-family\" style=\"color:#646257;font-size:clamp(14px, 0.875rem + ((1vw - 3.2px) * 0.568), 19px);\"><\/p>\n\n\n\n<figure class=\"wp-block-image size-large is-resized\"><img loading=\"lazy\" decoding=\"async\" width=\"1024\" height=\"173\" src=\"http:\/\/ladecodevi.fr\/wp-content\/uploads\/2025\/08\/Screenshot_20250824_190512_Instagram-1024x173.jpg\" alt=\"\" class=\"wp-image-92\" style=\"width:326px;height:auto\" srcset=\"https:\/\/ladecodevi.fr\/wp-content\/uploads\/2025\/08\/Screenshot_20250824_190512_Instagram-1024x173.jpg 1024w, https:\/\/ladecodevi.fr\/wp-content\/uploads\/2025\/08\/Screenshot_20250824_190512_Instagram-300x51.jpg 300w, https:\/\/ladecodevi.fr\/wp-content\/uploads\/2025\/08\/Screenshot_20250824_190512_Instagram-768x130.jpg 768w, https:\/\/ladecodevi.fr\/wp-content\/uploads\/2025\/08\/Screenshot_20250824_190512_Instagram.jpg 1076w\" sizes=\"auto, (max-width: 1024px) 100vw, 1024px\" \/><\/figure>\n<\/div>\n\n\n\n<div class=\"wp-block-column has-border-color is-layout-flow wp-container-core-column-is-layout-ab7fc251 wp-block-column-is-layout-flow\" style=\"border-color:#646257;border-width:1px;padding-top:50px;padding-right:35px;padding-bottom:50px;padding-left:35px\">\n<p class=\"has-text-color has-ibm-plex-sans-font-family\" style=\"color:#646257;font-size:clamp(14px, 0.875rem + ((1vw - 3.2px) * 0.568), 19px);\"><\/p>\n\n\n\n<figure class=\"wp-block-image size-large is-resized\"><img loading=\"lazy\" decoding=\"async\" width=\"1024\" height=\"283\" src=\"http:\/\/ladecodevi.fr\/wp-content\/uploads\/2025\/08\/Screenshot_20250824_190159_Instagram-1024x283.jpg\" alt=\"\" class=\"wp-image-93\" style=\"width:333px;height:auto\" srcset=\"https:\/\/ladecodevi.fr\/wp-content\/uploads\/2025\/08\/Screenshot_20250824_190159_Instagram-1024x283.jpg 1024w, https:\/\/ladecodevi.fr\/wp-content\/uploads\/2025\/08\/Screenshot_20250824_190159_Instagram-300x83.jpg 300w, https:\/\/ladecodevi.fr\/wp-content\/uploads\/2025\/08\/Screenshot_20250824_190159_Instagram-768x213.jpg 768w, https:\/\/ladecodevi.fr\/wp-content\/uploads\/2025\/08\/Screenshot_20250824_190159_Instagram.jpg 1080w\" sizes=\"auto, (max-width: 1024px) 100vw, 1024px\" \/><\/figure>\n<\/div>\n<\/div>\n<\/div>\n\n\n\n<div class=\"wp-block-group alignfull has-background has-global-padding is-layout-constrained wp-container-core-group-is-layout-991445f1 wp-block-group-is-layout-constrained\" style=\"background-color:#e4e2d7;margin-top:0;margin-bottom:0;padding-top:150px;padding-bottom:150px\">\n<h2 class=\"wp-block-heading has-text-align-center has-text-color\" style=\"color:#646257;font-size:clamp(31.152px, 1.947rem + ((1vw - 3.2px) * 2.71), 55px);font-style:normal;font-weight:500\">Restons en contact !<\/h2>\n\n\n\n<h6 class=\"wp-block-heading has-text-align-center has-text-color has-ibm-plex-sans-font-family\" style=\"color:#646257;font-size:clamp(14.082px, 0.88rem + ((1vw - 3.2px) * 0.786), 21px);font-style:normal;font-weight:400;text-transform:none\">Nous serions ravis d&rsquo;\u00e9changer avec vous ! Que vous ayez des questions, besoin de conseils ou souhaitiez discuter d&rsquo;un projet, nous sommes l\u00e0 pour vous aider. <\/h6>\n\n\n\n<div class=\"wp-block-buttons is-content-justification-center is-layout-flex wp-container-core-buttons-is-layout-a5792793 wp-block-buttons-is-layout-flex\" style=\"margin-top:50px\">\n<div class=\"wp-block-button is-style-fill\"><a class=\"wp-block-button__link has-text-color has-background has-border-color has-custom-font-size wp-element-button\" href=\"http:\/\/ladecodevi.fr\/index.php\/contact\/\" style=\"border-color:#646257;border-width:1px;border-radius:0px;color:#fffef7;background-color:#332e29;padding-top:15px;padding-right:65px;padding-bottom:15px;padding-left:65px;font-size:clamp(14px, 0.875rem + ((1vw - 3.2px) * 0.227), 16px);letter-spacing:1px;text-transform:uppercase\">Contact<\/a><\/div>\n<\/div>\n<\/div>\n","protected":false},"excerpt":{"rendered":"<p>Pourquoi nous choisir ? D\u00e9couvrez pourquoi la d\u00e9co de vi se d\u00e9marque ! Nous allions passion, savoir-faire artisanal et amour du vintage, afin que chaque pi\u00e8ce raconte une histoire et apporte un suppl\u00e9ment d&rsquo;\u00e2me \u00e0 votre int\u00e9rieur. Savoir-faire artisanal unique Restaurations r\u00e9alis\u00e9es avec passion Une s\u00e9lection de trouvailles vintage rien que pour vous Style durable, [&hellip;]<\/p>\n","protected":false},"author":1,"featured_media":0,"parent":0,"menu_order":0,"comment_status":"closed","ping_status":"closed","template":"","meta":{"footnotes":""},"class_list":["post-14","page","type-page","status-publish","hentry"],"_links":{"self":[{"href":"https:\/\/ladecodevi.fr\/index.php\/wp-json\/wp\/v2\/pages\/14","targetHints":{"allow":["GET"]}}],"collection":[{"href":"https:\/\/ladecodevi.fr\/index.php\/wp-json\/wp\/v2\/pages"}],"about":[{"href":"https:\/\/ladecodevi.fr\/index.php\/wp-json\/wp\/v2\/types\/page"}],"author":[{"embeddable":true,"href":"https:\/\/ladecodevi.fr\/index.php\/wp-json\/wp\/v2\/users\/1"}],"replies":[{"embeddable":true,"href":"https:\/\/ladecodevi.fr\/index.php\/wp-json\/wp\/v2\/comments?post=14"}],"version-history":[{"count":34,"href":"https:\/\/ladecodevi.fr\/index.php\/wp-json\/wp\/v2\/pages\/14\/revisions"}],"predecessor-version":[{"id":109,"href":"https:\/\/ladecodevi.fr\/index.php\/wp-json\/wp\/v2\/pages\/14\/revisions\/109"}],"wp:attachment":[{"href":"https:\/\/ladecodevi.fr\/index.php\/wp-json\/wp\/v2\/media?parent=14"}],"curies":[{"name":"wp","href":"https:\/\/api.w.org\/{rel}","templated":true}]}}